{"id":11,"date":"2025-10-08T16:46:33","date_gmt":"2025-10-08T16:46:33","guid":{"rendered":"https:\/\/ziip.com.br\/?page_id=11"},"modified":"2026-01-31T07:22:20","modified_gmt":"2026-01-31T07:22:20","slug":"pagina-principal","status":"publish","type":"page","link":"https:\/\/lavamaster.com.br\/?page_id=11","title":{"rendered":"P\u00e1gina Principal"},"content":{"rendered":"\t\t<div data-elementor-type=\"wp-page\" data-elementor-id=\"11\" class=\"elementor elementor-11\">\n\t\t\t\t<div class=\"elementor-element elementor-element-44fe1f0 e-flex e-con-boxed e-con e-parent\" data-id=\"44fe1f0\" data-element_type=\"container\" data-settings=\"{&quot;background_background&quot;:&quot;classic&quot;}\">\n\t\t\t\t\t<div class=\"e-con-inner\">\n\t\t<div class=\"elementor-element elementor-element-ffb7520 e-con-full e-flex e-con e-child\" data-id=\"ffb7520\" data-element_type=\"container\">\n\t\t\t\t<div class=\"elementor-element elementor-element-4775e00 elementor-widget__width-initial elementor-widget elementor-widget-heading\" data-id=\"4775e00\" data-element_type=\"widget\" data-widget_type=\"heading.default\">\n\t\t\t\t<div class=\"elementor-widget-container\">\n\t\t\t\t\t<h2 class=\"elementor-heading-title elementor-size-default\">O Sistema Definitivo para sua Est\u00e9tica Automotiva<\/h2>\t\t\t\t<\/div>\n\t\t\t\t<\/div>\n\t\t\t\t<div class=\"elementor-element elementor-element-c50a3e7 elementor-widget__width-initial elementor-widget elementor-widget-heading\" data-id=\"c50a3e7\" data-element_type=\"widget\" data-widget_type=\"heading.default\">\n\t\t\t\t<div class=\"elementor-widget-container\">\n\t\t\t\t\t<h2 class=\"elementor-heading-title elementor-size-default\">Sistema Lava Master<\/h2>\t\t\t\t<\/div>\n\t\t\t\t<\/div>\n\t\t\t\t<div class=\"elementor-element elementor-element-b97a6ce elementor-widget elementor-widget-heading\" data-id=\"b97a6ce\" data-element_type=\"widget\" data-widget_type=\"heading.default\">\n\t\t\t\t<div class=\"elementor-widget-container\">\n\t\t\t\t\t<h2 class=\"elementor-heading-title elementor-size-default\">Gest\u00e3o completa, agendamentos inteligentes e controle financeiro na palma da sua m\u00e3o.<\/h2>\t\t\t\t<\/div>\n\t\t\t\t<\/div>\n\t\t\t\t<div class=\"elementor-element elementor-element-26a32a7 elementor-align-left elementor-widget elementor-widget-button\" data-id=\"26a32a7\" data-element_type=\"widget\" data-widget_type=\"button.default\">\n\t\t\t\t<div class=\"elementor-widget-container\">\n\t\t\t\t\t\t\t\t\t<div class=\"elementor-button-wrapper\">\n\t\t\t\t\t<a class=\"elementor-button elementor-button-link elementor-size-sm\" href=\"https:\/\/web.whatsapp.com\/send?phone=62982933585&#038;text=Ol%C3%A1%20vim%20atrav%C3%A9s%20do%20Lava%20Master%20e%20Gostaria%20de%20ter%20mais%20informa%C3%A7%C3%B5es\">\n\t\t\t\t\t\t<span class=\"elementor-button-content-wrapper\">\n\t\t\t\t\t\t<span class=\"elementor-button-icon\">\n\t\t\t\t<i aria-hidden=\"true\" class=\"fas fa-location-arrow\"><\/i>\t\t\t<\/span>\n\t\t\t\t\t\t\t\t\t<span class=\"elementor-button-text\">Realize um teste Grat\u00faito<\/span>\n\t\t\t\t\t<\/span>\n\t\t\t\t\t<\/a>\n\t\t\t\t<\/div>\n\t\t\t\t\t\t\t\t<\/div>\n\t\t\t\t<\/div>\n\t\t\t\t<\/div>\n\t\t<div class=\"elementor-element elementor-element-d0eac2d e-con-full e-flex e-con e-child\" data-id=\"d0eac2d\" data-element_type=\"container\">\n\t\t\t\t<div class=\"elementor-element elementor-element-3c4a0c1 elementor-widget elementor-widget-image\" data-id=\"3c4a0c1\" data-element_type=\"widget\" data-widget_type=\"image.default\">\n\t\t\t\t<div class=\"elementor-widget-container\">\n\t\t\t\t\t\t\t\t\t\t\t\t\t\t\t<img fetchpriority=\"high\" decoding=\"async\" width=\"800\" height=\"673\" src=\"https:\/\/lavamaster.com.br\/wp-content\/uploads\/2026\/01\/dashboard-banner-e1769841853463.jpg\" class=\"attachment-large size-large wp-image-562\" alt=\"\" srcset=\"https:\/\/lavamaster.com.br\/wp-content\/uploads\/2026\/01\/dashboard-banner-e1769841853463.jpg 1024w, https:\/\/lavamaster.com.br\/wp-content\/uploads\/2026\/01\/dashboard-banner-e1769841853463-300x253.jpg 300w, https:\/\/lavamaster.com.br\/wp-content\/uploads\/2026\/01\/dashboard-banner-e1769841853463-768x647.jpg 768w\" sizes=\"(max-width: 800px) 100vw, 800px\" \/>\t\t\t\t\t\t\t\t\t\t\t\t\t\t\t<\/div>\n\t\t\t\t<\/div>\n\t\t\t\t<\/div>\n\t\t\t\t\t<\/div>\n\t\t\t\t<\/div>\n\t\t<div class=\"elementor-element elementor-element-b08bf43 e-flex e-con-boxed e-con e-parent\" data-id=\"b08bf43\" data-element_type=\"container\" data-settings=\"{&quot;background_background&quot;:&quot;classic&quot;}\">\n\t\t\t\t\t<div class=\"e-con-inner\">\n\t\t<div class=\"elementor-element elementor-element-7bb54e4 e-con-full e-flex e-con e-child\" data-id=\"7bb54e4\" data-element_type=\"container\">\n\t\t\t\t<div class=\"elementor-element elementor-element-b4a8a2d elementor-widget__width-initial elementor-widget elementor-widget-heading\" data-id=\"b4a8a2d\" data-element_type=\"widget\" data-widget_type=\"heading.default\">\n\t\t\t\t<div class=\"elementor-widget-container\">\n\t\t\t\t\t<h2 class=\"elementor-heading-title elementor-size-default\">Por que eu\npreciso de um Sistema?<\/h2>\t\t\t\t<\/div>\n\t\t\t\t<\/div>\n\t\t\t\t<div class=\"elementor-element elementor-element-b2b9f70 elementor-widget elementor-widget-heading\" data-id=\"b2b9f70\" data-element_type=\"widget\" data-widget_type=\"heading.default\">\n\t\t\t\t<div class=\"elementor-widget-container\">\n\t\t\t\t\t<h2 class=\"elementor-heading-title elementor-size-default\">\"Um sistema de gest\u00e3o elimina o caos das comandas de papel e transforma seu lava-r\u00e1pido em uma empresa eficiente e lucrativa. Ao centralizar agendamentos, controle de estoque e fluxo de caixa, voc\u00ea evita preju\u00edzos invis\u00edveis e ganha total previsibilidade sobre o faturamento di\u00e1rio. A automa\u00e7\u00e3o reduz o tempo gasto com tarefas manuais, permitindo que voc\u00ea foque 100% na qualidade do servi\u00e7o e no atendimento ao cliente. \u00c9 a ferramenta essencial para profissionalizar sua est\u00e9tica automotiva e escalar seus resultados.\"<\/h2>\t\t\t\t<\/div>\n\t\t\t\t<\/div>\n\t\t\t\t<div class=\"elementor-element elementor-element-f69f808 elementor-align-center elementor-widget elementor-widget-button\" data-id=\"f69f808\" data-element_type=\"widget\" data-widget_type=\"button.default\">\n\t\t\t\t<div class=\"elementor-widget-container\">\n\t\t\t\t\t\t\t\t\t<div class=\"elementor-button-wrapper\">\n\t\t\t\t\t<a class=\"elementor-button elementor-button-link elementor-size-sm\" href=\"https:\/\/web.whatsapp.com\/send?phone=62982933585&#038;text=Ol%C3%A1%20vim%20atrav%C3%A9s%20do%20Lava%20Master%20e%20Gostaria%20de%20ter%20mais%20informa%C3%A7%C3%B5es\">\n\t\t\t\t\t\t<span class=\"elementor-button-content-wrapper\">\n\t\t\t\t\t\t<span class=\"elementor-button-icon\">\n\t\t\t\t<i aria-hidden=\"true\" class=\"fas fa-location-arrow\"><\/i>\t\t\t<\/span>\n\t\t\t\t\t\t\t\t\t<span class=\"elementor-button-text\">Realize um teste Grat\u00faito<\/span>\n\t\t\t\t\t<\/span>\n\t\t\t\t\t<\/a>\n\t\t\t\t<\/div>\n\t\t\t\t\t\t\t\t<\/div>\n\t\t\t\t<\/div>\n\t\t\t\t<\/div>\n\t\t\t\t\t<\/div>\n\t\t\t\t<\/div>\n\t\t<div class=\"elementor-element elementor-element-217618b e-flex e-con-boxed e-con e-parent\" data-id=\"217618b\" data-element_type=\"container\" data-settings=\"{&quot;background_background&quot;:&quot;classic&quot;}\">\n\t\t\t\t\t<div class=\"e-con-inner\">\n\t\t\t\t<div class=\"elementor-element elementor-element-9019b46 elementor-widget__width-initial elementor-widget elementor-widget-heading\" data-id=\"9019b46\" data-element_type=\"widget\" data-widget_type=\"heading.default\">\n\t\t\t\t<div class=\"elementor-widget-container\">\n\t\t\t\t\t<h2 class=\"elementor-heading-title elementor-size-default\">Voc\u00ea faz parte de algum desses grupos abaixo?<\/h2>\t\t\t\t<\/div>\n\t\t\t\t<\/div>\n\t\t\t\t<div class=\"elementor-element elementor-element-134f8a2 elementor-widget elementor-widget-heading\" data-id=\"134f8a2\" data-element_type=\"widget\" data-widget_type=\"heading.default\">\n\t\t\t\t<div class=\"elementor-widget-container\">\n\t\t\t\t\t<h2 class=\"elementor-heading-title elementor-size-default\">Se voc\u00ea se encaixa em algum desses perfis, est\u00e1 na hora de impulsionar o seu neg\u00f3cio!\n\n<\/h2>\t\t\t\t<\/div>\n\t\t\t\t<\/div>\n\t\t\t\t\t<\/div>\n\t\t\t\t<\/div>\n\t\t<div class=\"elementor-element elementor-element-f846556 e-flex e-con-boxed e-con e-parent\" data-id=\"f846556\" data-element_type=\"container\" data-settings=\"{&quot;background_background&quot;:&quot;classic&quot;}\">\n\t\t\t\t\t<div class=\"e-con-inner\">\n\t\t<div class=\"elementor-element elementor-element-116f556 e-con-full e-flex e-con e-child\" data-id=\"116f556\" data-element_type=\"container\" data-settings=\"{&quot;background_background&quot;:&quot;classic&quot;}\">\n\t\t<div class=\"elementor-element elementor-element-a9c208a e-con-full e-flex e-con e-child\" data-id=\"a9c208a\" data-element_type=\"container\" data-settings=\"{&quot;background_background&quot;:&quot;classic&quot;}\">\n\t\t\t\t<div class=\"elementor-element elementor-element-818354a elementor-view-default elementor-position-top elementor-mobile-position-top elementor-widget elementor-widget-icon-box\" data-id=\"818354a\" data-element_type=\"widget\" data-widget_type=\"icon-box.default\">\n\t\t\t\t<div class=\"elementor-widget-container\">\n\t\t\t\t\t\t\t<div class=\"elementor-icon-box-wrapper\">\n\n\t\t\t\t\t\t<div class=\"elementor-icon-box-icon\">\n\t\t\t\t<span  class=\"elementor-icon\">\n\t\t\t\t<i aria-hidden=\"true\" class=\"far fa-money-bill-alt\"><\/i>\t\t\t\t<\/span>\n\t\t\t<\/div>\n\t\t\t\n\t\t\t\t\t\t<div class=\"elementor-icon-box-content\">\n\n\t\t\t\t\t\t\t\t\t<h3 class=\"elementor-icon-box-title\">\n\t\t\t\t\t\t<span  >\n\t\t\t\t\t\t\tEmpres\u00e1rios que querem confiabilidade dos dados\t\t\t\t\t\t<\/span>\n\t\t\t\t\t<\/h3>\n\t\t\t\t\n\t\t\t\t\t\t\t\t\t<p class=\"elementor-icon-box-description\">\n\t\t\t\t\t\tCom a coleta de dados digital, voc\u00ea elimina a papelada e os erros de preenchimento manual. As informa\u00e7\u00f5es sobre o servi\u00e7o, como a hora de chegada e sa\u00edda do t\u00e9cnico, s\u00e3o registradas automaticamente.\t\t\t\t\t<\/p>\n\t\t\t\t\n\t\t\t<\/div>\n\t\t\t\n\t\t<\/div>\n\t\t\t\t\t\t<\/div>\n\t\t\t\t<\/div>\n\t\t\t\t<\/div>\n\t\t\t\t<\/div>\n\t\t<div class=\"elementor-element elementor-element-bab6daa e-con-full e-flex e-con e-child\" data-id=\"bab6daa\" data-element_type=\"container\">\n\t\t<div class=\"elementor-element elementor-element-582d2d1 e-con-full e-flex e-con e-child\" data-id=\"582d2d1\" data-element_type=\"container\" data-settings=\"{&quot;background_background&quot;:&quot;classic&quot;}\">\n\t\t\t\t<div class=\"elementor-element elementor-element-d6c50f3 elementor-view-default elementor-position-top elementor-mobile-position-top elementor-widget elementor-widget-icon-box\" data-id=\"d6c50f3\" data-element_type=\"widget\" data-widget_type=\"icon-box.default\">\n\t\t\t\t<div class=\"elementor-widget-container\">\n\t\t\t\t\t\t\t<div class=\"elementor-icon-box-wrapper\">\n\n\t\t\t\t\t\t<div class=\"elementor-icon-box-icon\">\n\t\t\t\t<span  class=\"elementor-icon\">\n\t\t\t\t<i aria-hidden=\"true\" class=\"fas fa-chart-line\"><\/i>\t\t\t\t<\/span>\n\t\t\t<\/div>\n\t\t\t\n\t\t\t\t\t\t<div class=\"elementor-icon-box-content\">\n\n\t\t\t\t\t\t\t\t\t<h3 class=\"elementor-icon-box-title\">\n\t\t\t\t\t\t<span  >\n\t\t\t\t\t\t\tMelhora na tomada de decis\u00f5es estrat\u00e9gicas\t\t\t\t\t\t<\/span>\n\t\t\t\t\t<\/h3>\n\t\t\t\t\n\t\t\t\t\t\t\t\t\t<p class=\"elementor-icon-box-description\">\n\t\t\t\t\t\tvis\u00e3o clara do neg\u00f3cio, permitindo que voc\u00ea identifique \u00e1reas de melhoria e fa\u00e7a um planejamento mais eficaz. Empresas que usam dados para otimizar suas opera\u00e7\u00f5es de campo podem alcan\u00e7ar uma melhoria de 5% a 10% na lucratividade.\t\t\t\t\t<\/p>\n\t\t\t\t\n\t\t\t<\/div>\n\t\t\t\n\t\t<\/div>\n\t\t\t\t\t\t<\/div>\n\t\t\t\t<\/div>\n\t\t\t\t<\/div>\n\t\t\t\t<\/div>\n\t\t<div class=\"elementor-element elementor-element-34aeb2a e-con-full e-flex e-con e-child\" data-id=\"34aeb2a\" data-element_type=\"container\">\n\t\t<div class=\"elementor-element elementor-element-4c83566 e-con-full e-flex e-con e-child\" data-id=\"4c83566\" data-element_type=\"container\" data-settings=\"{&quot;background_background&quot;:&quot;classic&quot;}\">\n\t\t\t\t<div class=\"elementor-element elementor-element-c95c20d elementor-view-default elementor-position-top elementor-mobile-position-top elementor-widget elementor-widget-icon-box\" data-id=\"c95c20d\" data-element_type=\"widget\" data-widget_type=\"icon-box.default\">\n\t\t\t\t<div class=\"elementor-widget-container\">\n\t\t\t\t\t\t\t<div class=\"elementor-icon-box-wrapper\">\n\n\t\t\t\t\t\t<div class=\"elementor-icon-box-icon\">\n\t\t\t\t<span  class=\"elementor-icon\">\n\t\t\t\t<i aria-hidden=\"true\" class=\"far fa-comment-dots\"><\/i>\t\t\t\t<\/span>\n\t\t\t<\/div>\n\t\t\t\n\t\t\t\t\t\t<div class=\"elementor-icon-box-content\">\n\n\t\t\t\t\t\t\t\t\t<h3 class=\"elementor-icon-box-title\">\n\t\t\t\t\t\t<span  >\n\t\t\t\t\t\t\tMelhora na comunica\u00e7\u00e3o entre equipe e escrit\u00f3rio\t\t\t\t\t\t<\/span>\n\t\t\t\t\t<\/h3>\n\t\t\t\t\n\t\t\t\t\t\t\t\t\t<p class=\"elementor-icon-box-description\">\n\t\t\t\t\t\tO sistema permite o envio de atualiza\u00e7\u00f5es instant\u00e2neas, fotos e notas de servi\u00e7o, mantendo todos informados e facilitando a tomada de decis\u00f5es\t\t\t\t\t<\/p>\n\t\t\t\t\n\t\t\t<\/div>\n\t\t\t\n\t\t<\/div>\n\t\t\t\t\t\t<\/div>\n\t\t\t\t<\/div>\n\t\t\t\t<\/div>\n\t\t\t\t<\/div>\n\t\t\t\t\t<\/div>\n\t\t\t\t<\/div>\n\t\t<div class=\"elementor-element elementor-element-d036cfb e-con-full e-flex e-con e-parent\" data-id=\"d036cfb\" data-element_type=\"container\" data-settings=\"{&quot;background_background&quot;:&quot;classic&quot;}\">\n\t\t<div class=\"elementor-element elementor-element-e016053 e-con-full e-flex e-con e-child\" data-id=\"e016053\" data-element_type=\"container\" data-settings=\"{&quot;background_background&quot;:&quot;classic&quot;}\">\n\t\t\t\t<div class=\"elementor-element elementor-element-3e18e8e elementor-widget__width-initial elementor-widget elementor-widget-image\" data-id=\"3e18e8e\" data-element_type=\"widget\" data-widget_type=\"image.default\">\n\t\t\t\t<div class=\"elementor-widget-container\">\n\t\t\t\t\t\t\t\t\t\t\t\t\t\t\t<img decoding=\"async\" width=\"576\" height=\"520\" src=\"https:\/\/lavamaster.com.br\/wp-content\/uploads\/2025\/12\/Lava-Master-3-e1766620874758.png\" class=\"attachment-2048x2048 size-2048x2048 wp-image-438\" alt=\"\" srcset=\"https:\/\/lavamaster.com.br\/wp-content\/uploads\/2025\/12\/Lava-Master-3-e1766620874758.png 576w, https:\/\/lavamaster.com.br\/wp-content\/uploads\/2025\/12\/Lava-Master-3-e1766620874758-300x271.png 300w\" sizes=\"(max-width: 576px) 100vw, 576px\" \/>\t\t\t\t\t\t\t\t\t\t\t\t\t\t\t<\/div>\n\t\t\t\t<\/div>\n\t\t\t\t<\/div>\n\t\t<div class=\"elementor-element elementor-element-d281f9c e-con-full e-flex e-con e-child\" data-id=\"d281f9c\" data-element_type=\"container\" data-settings=\"{&quot;background_background&quot;:&quot;classic&quot;}\">\n\t\t\t\t<div class=\"elementor-element elementor-element-13a68ab elementor-widget__width-initial elementor-widget elementor-widget-heading\" data-id=\"13a68ab\" data-element_type=\"widget\" data-widget_type=\"heading.default\">\n\t\t\t\t<div class=\"elementor-widget-container\">\n\t\t\t\t\t<h2 class=\"elementor-heading-title elementor-size-default\">O agendamento inteligente \u00e9 o fim das filas de espera<\/h2>\t\t\t\t<\/div>\n\t\t\t\t<\/div>\n\t\t\t\t<div class=\"elementor-element elementor-element-cddcc9d elementor-widget elementor-widget-heading\" data-id=\"cddcc9d\" data-element_type=\"widget\" data-widget_type=\"heading.default\">\n\t\t\t\t<div class=\"elementor-widget-container\">\n\t\t\t\t\t<h2 class=\"elementor-heading-title elementor-size-default\">Dentro do sistema, \u00e9 gerado um QR Code exclusivo para cada equipamento de um cliente. Esse c\u00f3digo, ao ser impresso e fixado no equipamento, permite que o cliente abra um novo chamado de forma instant\u00e2nea e descomplicada, usando apenas a c\u00e2mera do celular. Isso elimina a necessidade de liga\u00e7\u00f5es ou e-mails, reduz o tempo de espera do cliente e agiliza o processo de abertura de ordens de servi\u00e7o.<\/h2>\t\t\t\t<\/div>\n\t\t\t\t<\/div>\n\t\t\t\t<\/div>\n\t\t\t\t<\/div>\n\t\t<div class=\"elementor-element elementor-element-524aa7f e-flex e-con-boxed e-con e-parent\" data-id=\"524aa7f\" data-element_type=\"container\" data-settings=\"{&quot;background_background&quot;:&quot;classic&quot;}\">\n\t\t\t\t\t<div class=\"e-con-inner\">\n\t\t<div class=\"elementor-element elementor-element-0778f90 e-con-full e-flex e-con e-child\" data-id=\"0778f90\" data-element_type=\"container\">\n\t\t\t\t<div class=\"elementor-element elementor-element-1f7fd0a elementor-widget__width-initial elementor-widget elementor-widget-heading\" data-id=\"1f7fd0a\" data-element_type=\"widget\" data-widget_type=\"heading.default\">\n\t\t\t\t<div class=\"elementor-widget-container\">\n\t\t\t\t\t<h2 class=\"elementor-heading-title elementor-size-default\">Gest\u00e3o Financeira e Controle de Caixa<\/h2>\t\t\t\t<\/div>\n\t\t\t\t<\/div>\n\t\t\t\t<div class=\"elementor-element elementor-element-bfd0ed4 elementor-widget elementor-widget-heading\" data-id=\"bfd0ed4\" data-element_type=\"widget\" data-widget_type=\"heading.default\">\n\t\t\t\t<div class=\"elementor-widget-container\">\n\t\t\t\t\t<h2 class=\"elementor-heading-title elementor-size-default\">Assuma o comando total do seu fluxo financeiro e elimine \"furos\" ou d\u00favidas no final do dia. O sistema gerencia m\u00faltiplas carteiras (dinheiro, cr\u00e9dito, d\u00e9bito) de forma integrada, permitindo realizar sangrias, suprimentos e fechamentos de caixa com seguran\u00e7a m\u00e1xima. Saiba exatamente o lucro l\u00edquido real e evite erros de troco ou desvios, garantindo que cada centavo faturado na pista seja devidamente contabilizado e audit\u00e1vel<\/h2>\t\t\t\t<\/div>\n\t\t\t\t<\/div>\n\t\t\t\t<\/div>\n\t\t<div class=\"elementor-element elementor-element-c9232f5 e-con-full e-flex e-con e-child\" data-id=\"c9232f5\" data-element_type=\"container\">\n\t\t\t\t<div class=\"elementor-element elementor-element-4ad49da elementor-widget__width-initial elementor-widget elementor-widget-image\" data-id=\"4ad49da\" data-element_type=\"widget\" data-widget_type=\"image.default\">\n\t\t\t\t<div class=\"elementor-widget-container\">\n\t\t\t\t\t\t\t\t\t\t\t\t\t\t\t<img decoding=\"async\" width=\"735\" height=\"563\" src=\"https:\/\/lavamaster.com.br\/wp-content\/uploads\/2025\/12\/Lava-Master-4-e1766621319398.png\" class=\"attachment-2048x2048 size-2048x2048 wp-image-442\" alt=\"\" srcset=\"https:\/\/lavamaster.com.br\/wp-content\/uploads\/2025\/12\/Lava-Master-4-e1766621319398.png 735w, https:\/\/lavamaster.com.br\/wp-content\/uploads\/2025\/12\/Lava-Master-4-e1766621319398-300x230.png 300w\" sizes=\"(max-width: 735px) 100vw, 735px\" \/>\t\t\t\t\t\t\t\t\t\t\t\t\t\t\t<\/div>\n\t\t\t\t<\/div>\n\t\t\t\t<\/div>\n\t\t\t\t\t<\/div>\n\t\t\t\t<\/div>\n\t\t\t\t<\/div>\n\t\t","protected":false},"excerpt":{"rendered":"<p>O Sistema Definitivo para sua Est\u00e9tica Automotiva Sistema Lava Master Gest\u00e3o completa, agendamentos inteligentes e controle financeiro na palma da sua m\u00e3o. Realize um teste Grat\u00faito Por que eu preciso de um Sistema? &#8220;Um sistema de gest\u00e3o elimina o caos das comandas de papel e transforma seu lava-r\u00e1pido em uma empresa eficiente e lucrativa. Ao [&hellip;]<\/p>\n","protected":false},"author":1,"featured_media":0,"parent":0,"menu_order":0,"comment_status":"closed","ping_status":"closed","template":"","meta":{"footnotes":""},"class_list":["post-11","page","type-page","status-publish","hentry"],"_links":{"self":[{"href":"https:\/\/lavamaster.com.br\/index.php?rest_route=\/wp\/v2\/pages\/11","targetHints":{"allow":["GET"]}}],"collection":[{"href":"https:\/\/lavamaster.com.br\/index.php?rest_route=\/wp\/v2\/pages"}],"about":[{"href":"https:\/\/lavamaster.com.br\/index.php?rest_route=\/wp\/v2\/types\/page"}],"author":[{"embeddable":true,"href":"https:\/\/lavamaster.com.br\/index.php?rest_route=\/wp\/v2\/users\/1"}],"replies":[{"embeddable":true,"href":"https:\/\/lavamaster.com.br\/index.php?rest_route=%2Fwp%2Fv2%2Fcomments&post=11"}],"version-history":[{"count":151,"href":"https:\/\/lavamaster.com.br\/index.php?rest_route=\/wp\/v2\/pages\/11\/revisions"}],"predecessor-version":[{"id":626,"href":"https:\/\/lavamaster.com.br\/index.php?rest_route=\/wp\/v2\/pages\/11\/revisions\/626"}],"wp:attachment":[{"href":"https:\/\/lavamaster.com.br\/index.php?rest_route=%2Fwp%2Fv2%2Fmedia&parent=11"}],"curies":[{"name":"wp","href":"https:\/\/api.w.org\/{rel}","templated":true}]}}